{"id":17267,"date":"2015-05-12T09:42:12","date_gmt":"2015-05-12T08:42:12","guid":{"rendered":"https:\/\/videoformes.com\/lassociation\/"},"modified":"2025-01-27T16:15:20","modified_gmt":"2025-01-27T15:15:20","slug":"association-presentation","status":"publish","type":"page","link":"https:\/\/videoformes.com\/en\/association-presentation\/","title":{"rendered":"Association : Presentation"},"content":{"rendered":"\t\t<div data-elementor-type=\"wp-page\" data-elementor-id=\"17267\" class=\"elementor elementor-17267 elementor-9633\" data-elementor-post-type=\"page\">\n\t\t\t\t\t\t\t<div class=\"elementor-element elementor-element-36dd6ce trait-before e-flex e-con-boxed e-con\" data-id=\"36dd6ce\" data-element_type=\"container\" data-settings=\"{&quot;content_width&quot;:&quot;boxed&quot;}\">\n\t\t\t\t\t<div class=\"e-con-inner\">\n\t\t<div class=\"elementor-element elementor-element-01a67c0 e-con-full e-flex e-con\" data-id=\"01a67c0\" data-element_type=\"container\" data-settings=\"{&quot;content_width&quot;:&quot;full&quot;}\">\n\t\t\t\t<div class=\"elementor-element elementor-element-3fbd04b elementor-widget elementor-widget-text-editor\" data-id=\"3fbd04b\" data-element_type=\"widget\" data-widget_type=\"text-editor.default\">\n\t\t\t\t<div class=\"elementor-widget-container\">\n\t\t\t<style>\/*! elementor - v3.15.0 - 20-08-2023 *\/\n.elementor-widget-text-editor.elementor-drop-cap-view-stacked .elementor-drop-cap{background-color:#69727d;color:#fff}.elementor-widget-text-editor.elementor-drop-cap-view-framed .elementor-drop-cap{color:#69727d;border:3px solid;background-color:transparent}.elementor-widget-text-editor:not(.elementor-drop-cap-view-default) .elementor-drop-cap{margin-top:8px}.elementor-widget-text-editor:not(.elementor-drop-cap-view-default) .elementor-drop-cap-letter{width:1em;height:1em}.elementor-widget-text-editor .elementor-drop-cap{float:left;text-align:center;line-height:1;font-size:50px}.elementor-widget-text-editor .elementor-drop-cap-letter{display:inline-block}<\/style>\t\t\t\t<h2>Presentation<\/h2><p>Observatory of trends, laboratory, producer and dissemination activist of emerging art forms in which digital technologies and poetry define possible worlds, VIDEOFORMES stages an international digital arts festival in Clermont-Ferrand every year and reflects the vitality of hybrid and protean creations: installations, videos, performances, virtual reality&#8230;<br \/>Dynamic meetings with various professionals are held as part of the Digital Acts and address artistic, cultural and societal issues.<\/p>\t\t\t\t\t\t<\/div>\n\t\t\t\t<\/div>\n\t\t\t\t<\/div>\n\t\t\t\t\t<\/div>\n\t\t\t\t<\/div>\n\t\t<div class=\"elementor-element elementor-element-a6784d7 e-flex e-con-boxed e-con\" data-id=\"a6784d7\" data-element_type=\"container\" data-settings=\"{&quot;content_width&quot;:&quot;boxed&quot;}\">\n\t\t\t\t\t<div class=\"e-con-inner\">\n\t\t<div class=\"elementor-element elementor-element-5be958b e-con-full e-flex e-con\" data-id=\"5be958b\" data-element_type=\"container\" data-settings=\"{&quot;content_width&quot;:&quot;full&quot;}\">\n\t\t\t\t<div class=\"elementor-element elementor-element-ec5ac8a elementor-widget elementor-widget-video\" data-id=\"ec5ac8a\" data-element_type=\"widget\" data-settings=\"{&quot;youtube_url&quot;:&quot;https:\\\/\\\/youtu.be\\\/MUw488FSjSo&quot;,&quot;video_type&quot;:&quot;youtube&quot;,&quot;controls&quot;:&quot;yes&quot;}\" data-widget_type=\"video.default\">\n\t\t\t\t<div class=\"elementor-widget-container\">\n\t\t\t<style>\/*! elementor - v3.15.0 - 20-08-2023 *\/\n.elementor-widget-video .elementor-widget-container{overflow:hidden;transform:translateZ(0)}.elementor-widget-video .elementor-wrapper{aspect-ratio:var(--video-aspect-ratio)}.elementor-widget-video .elementor-wrapper iframe,.elementor-widget-video .elementor-wrapper video{height:100%;width:100%;display:flex;border:none;background-color:#000}@supports not (aspect-ratio:1\/1){.elementor-widget-video .elementor-wrapper{position:relative;overflow:hidden;height:0;padding-bottom:calc(100% \/ var(--video-aspect-ratio))}.elementor-widget-video .elementor-wrapper iframe,.elementor-widget-video .elementor-wrapper video{position:absolute;top:0;right:0;bottom:0;left:0}}.elementor-widget-video .elementor-open-inline .elementor-custom-embed-image-overlay{position:absolute;top:0;right:0;bottom:0;left:0;background-size:cover;background-position:50%}.elementor-widget-video .elementor-custom-embed-image-overlay{cursor:pointer;text-align:center}.elementor-widget-video .elementor-custom-embed-image-overlay:hover .elementor-custom-embed-play i{opacity:1}.elementor-widget-video .elementor-custom-embed-image-overlay img{display:block;width:100%;aspect-ratio:var(--video-aspect-ratio);-o-object-fit:cover;object-fit:cover;-o-object-position:center center;object-position:center center}@supports not (aspect-ratio:1\/1){.elementor-widget-video .elementor-custom-embed-image-overlay{position:relative;overflow:hidden;height:0;padding-bottom:calc(100% \/ var(--video-aspect-ratio))}.elementor-widget-video .elementor-custom-embed-image-overlay img{position:absolute;top:0;right:0;bottom:0;left:0}}.elementor-widget-video .e-hosted-video .elementor-video{-o-object-fit:cover;object-fit:cover}.e-con-inner>.elementor-widget-video,.e-con>.elementor-widget-video{width:var(--container-widget-width);--flex-grow:var(--container-widget-flex-grow)}<\/style>\t\t<div class=\"elementor-wrapper elementor-open-inline\">\n\t\t\t<div class=\"elementor-video\"><\/div>\t\t<\/div>\n\t\t\t\t<\/div>\n\t\t\t\t<\/div>\n\t\t\t\t<\/div>\n\t\t<div class=\"elementor-element elementor-element-4aff85d e-con-full e-flex e-con\" data-id=\"4aff85d\" data-element_type=\"container\" data-settings=\"{&quot;content_width&quot;:&quot;full&quot;}\">\n\t\t\t\t<div class=\"elementor-element elementor-element-9355ac3 elementor-widget elementor-widget-text-editor\" data-id=\"9355ac3\" data-element_type=\"widget\" data-widget_type=\"text-editor.default\">\n\t\t\t\t<div class=\"elementor-widget-container\">\n\t\t\t\t\t\t\t<p>Whishing of promoting innovative art, VIDEOFORMES welcomes many young artists, and has presented the first works of artists such as Pierrick Sorin, Rosangela Renno, Lucas Bambozzi, Golnaz Behrouznia, Mihai Grecu, Hee Won Lee, Momoko Seto, Benjamin Nuel, Philipp Artus, Gabriel Mascaro, Fanny Bauguil, Samuel Rousseau, Boris Labb\u00e9&#8230;<\/p><p>VIDEOFORMES houses artists in residence every year, participates in national and international cultural events, proposes a programme of multidisciplinary experimental performances (VIDEOBARS), a digital magazine (Turbulences Vid\u00e9o), a digital archive and a programme of artistic and cultural education.<\/p>\t\t\t\t\t\t<\/div>\n\t\t\t\t<\/div>\n\t\t\t\t<\/div>\n\t\t\t\t\t<\/div>\n\t\t\t\t<\/div>\n\t\t<div class=\"elementor-element elementor-element-8c08a3a trait-before e-flex e-con-boxed e-con\" data-id=\"8c08a3a\" data-element_type=\"container\" data-settings=\"{&quot;content_width&quot;:&quot;boxed&quot;}\">\n\t\t\t\t\t<div class=\"e-con-inner\">\n\t\t<div class=\"elementor-element elementor-element-b336a0f e-con-full e-flex e-con\" data-id=\"b336a0f\" data-element_type=\"container\" data-settings=\"{&quot;content_width&quot;:&quot;full&quot;}\">\n\t\t\t\t<div class=\"elementor-element elementor-element-db4fe28 elementor-widget elementor-widget-text-editor\" data-id=\"db4fe28\" data-element_type=\"widget\" data-widget_type=\"text-editor.default\">\n\t\t\t\t<div class=\"elementor-widget-container\">\n\t\t\t\t\t\t\t<p>VIDEOFORMES is a member of HACNUM, Le DAMIER &amp; Festivals Connexion<\/p><p>VIDEOFORMES is supported by:\u00a0<span style=\"color: var( --e-global-color-text ); text-align: var(--text-align); letter-spacing: 0px;\">Minist\u00e8re de la Culture \/ DRAC\u00a0Auvergne-Rh\u00f4ne-Alpes, La r\u00e9gion Auvergne-Rh\u00f4ne-Alpes, le d\u00e9partement du Puy-de-D\u00f4me,\u00a0<\/span><span style=\"font-family: Regular, -apple-system, 'system-ui', 'Segoe UI', Roboto, Oxygen-Sans, Ubuntu, Cantarell, 'Helvetica Neue', sans-serif; font-size: 18px; font-style: normal; font-variant-ligatures: normal; font-variant-caps: normal; font-weight: 400; color: var( --e-global-color-text ); text-align: var(--text-align); letter-spacing: 0px;\">Clermont-Auvergne-M\u00e9tropole et\u00a0<\/span><span style=\"color: var( --e-global-color-text ); text-align: var(--text-align); letter-spacing: 0px;\">la Ville de Clermont-Ferrand<\/span><span style=\"color: var( --e-global-color-text ); text-align: var(--text-align); letter-spacing: 0px;\">.<\/span><\/p>\t\t\t\t\t\t<\/div>\n\t\t\t\t<\/div>\n\t\t\t\t<\/div>\n\t\t\t\t\t<\/div>\n\t\t\t\t<\/div>\n\t\t\t\t\t\t\t<\/div>\n\t\t","protected":false},"excerpt":{"rendered":"<p>Presentation Observatory of trends, laboratory, producer and dissemination activist of emerging art forms in which digital technologies and poetry<span class=\"excerpt-hellip\"> [\u2026]<\/span><\/p>\n","protected":false},"author":1,"featured_media":0,"parent":0,"menu_order":0,"comment_status":"open","ping_status":"open","template":"","meta":{"footnotes":""},"acf":[],"yoast_head":"<!-- This site is optimized with the Yoast SEO plugin v21.5 - https:\/\/yoast.com\/wordpress\/plugins\/seo\/ -->\n<title>Association : Presentation | VIDEOFORMES<\/title>\n<meta name=\"robots\" content=\"index, follow, max-snippet:-1, max-image-preview:large, max-video-preview:-1\" \/>\n<link rel=\"canonical\" href=\"https:\/\/videoformes.com\/en\/association-presentation\/\" \/>\n<meta property=\"og:locale\" content=\"en_US\" \/>\n<meta property=\"og:type\" content=\"article\" \/>\n<meta property=\"og:title\" content=\"Association : Presentation | VIDEOFORMES\" \/>\n<meta property=\"og:description\" content=\"Presentation Observatory of trends, laboratory, producer and dissemination activist of emerging art forms in which digital technologies and poetry [\u2026]\" \/>\n<meta property=\"og:url\" content=\"https:\/\/videoformes.com\/en\/association-presentation\/\" \/>\n<meta property=\"og:site_name\" content=\"VIDEOFORMES\" \/>\n<meta property=\"article:publisher\" content=\"https:\/\/www.facebook.com\/videoformes\" \/>\n<meta property=\"article:modified_time\" content=\"2025-01-27T15:15:20+00:00\" \/>\n<meta name=\"twitter:card\" content=\"summary_large_image\" \/>\n<meta name=\"twitter:site\" content=\"@videoformes\" \/>\n<meta name=\"twitter:label1\" content=\"Est. reading time\" \/>\n\t<meta name=\"twitter:data1\" content=\"1 minute\" \/>\n<script type=\"application\/ld+json\" class=\"yoast-schema-graph\">{\"@context\":\"https:\/\/schema.org\",\"@graph\":[{\"@type\":\"WebPage\",\"@id\":\"https:\/\/videoformes.com\/en\/association-presentation\/\",\"url\":\"https:\/\/videoformes.com\/en\/association-presentation\/\",\"name\":\"Association : Presentation | VIDEOFORMES\",\"isPartOf\":{\"@id\":\"https:\/\/videoformes.com\/#website\"},\"datePublished\":\"2015-05-12T08:42:12+00:00\",\"dateModified\":\"2025-01-27T15:15:20+00:00\",\"breadcrumb\":{\"@id\":\"https:\/\/videoformes.com\/en\/association-presentation\/#breadcrumb\"},\"inLanguage\":\"en-US\",\"potentialAction\":[{\"@type\":\"ReadAction\",\"target\":[\"https:\/\/videoformes.com\/en\/association-presentation\/\"]}]},{\"@type\":\"BreadcrumbList\",\"@id\":\"https:\/\/videoformes.com\/en\/association-presentation\/#breadcrumb\",\"itemListElement\":[{\"@type\":\"ListItem\",\"position\":1,\"name\":\"Accueil\",\"item\":\"https:\/\/videoformes.com\/\"},{\"@type\":\"ListItem\",\"position\":2,\"name\":\"Association : Presentation\"}]},{\"@type\":\"WebSite\",\"@id\":\"https:\/\/videoformes.com\/#website\",\"url\":\"https:\/\/videoformes.com\/\",\"name\":\"VIDEOFORMES\",\"description\":\"Festival International d&#039;Arts Num\u00e9riques de Clermont-Ferrand\",\"publisher\":{\"@id\":\"https:\/\/videoformes.com\/#organization\"},\"potentialAction\":[{\"@type\":\"SearchAction\",\"target\":{\"@type\":\"EntryPoint\",\"urlTemplate\":\"https:\/\/videoformes.com\/?s={search_term_string}\"},\"query-input\":\"required name=search_term_string\"}],\"inLanguage\":\"en-US\"},{\"@type\":\"Organization\",\"@id\":\"https:\/\/videoformes.com\/#organization\",\"name\":\"Festival VIDEOFORMES\",\"url\":\"https:\/\/videoformes.com\/\",\"logo\":{\"@type\":\"ImageObject\",\"inLanguage\":\"en-US\",\"@id\":\"https:\/\/videoformes.com\/#\/schema\/logo\/image\/\",\"url\":\"https:\/\/videoformes.com\/wp-content\/uploads\/2022\/01\/apple-touch-icon.png\",\"contentUrl\":\"https:\/\/videoformes.com\/wp-content\/uploads\/2022\/01\/apple-touch-icon.png\",\"width\":180,\"height\":180,\"caption\":\"Festival VIDEOFORMES\"},\"image\":{\"@id\":\"https:\/\/videoformes.com\/#\/schema\/logo\/image\/\"},\"sameAs\":[\"https:\/\/www.facebook.com\/videoformes\",\"https:\/\/twitter.com\/videoformes\",\"https:\/\/www.instagram.com\/videoformes\/\",\"https:\/\/www.youtube.com\/channel\/UCVkAiRplvronMyMWo1bxKCg\"]}]}<\/script>\n<!-- \/ Yoast SEO plugin. -->","yoast_head_json":{"title":"Association : Presentation | VIDEOFORMES","robots":{"index":"index","follow":"follow","max-snippet":"max-snippet:-1","max-image-preview":"max-image-preview:large","max-video-preview":"max-video-preview:-1"},"canonical":"https:\/\/videoformes.com\/en\/association-presentation\/","og_locale":"en_US","og_type":"article","og_title":"Association : Presentation | VIDEOFORMES","og_description":"Presentation Observatory of trends, laboratory, producer and dissemination activist of emerging art forms in which digital technologies and poetry [\u2026]","og_url":"https:\/\/videoformes.com\/en\/association-presentation\/","og_site_name":"VIDEOFORMES","article_publisher":"https:\/\/www.facebook.com\/videoformes","article_modified_time":"2025-01-27T15:15:20+00:00","twitter_card":"summary_large_image","twitter_site":"@videoformes","twitter_misc":{"Est. reading time":"1 minute"},"schema":{"@context":"https:\/\/schema.org","@graph":[{"@type":"WebPage","@id":"https:\/\/videoformes.com\/en\/association-presentation\/","url":"https:\/\/videoformes.com\/en\/association-presentation\/","name":"Association : Presentation | VIDEOFORMES","isPartOf":{"@id":"https:\/\/videoformes.com\/#website"},"datePublished":"2015-05-12T08:42:12+00:00","dateModified":"2025-01-27T15:15:20+00:00","breadcrumb":{"@id":"https:\/\/videoformes.com\/en\/association-presentation\/#breadcrumb"},"inLanguage":"en-US","potentialAction":[{"@type":"ReadAction","target":["https:\/\/videoformes.com\/en\/association-presentation\/"]}]},{"@type":"BreadcrumbList","@id":"https:\/\/videoformes.com\/en\/association-presentation\/#breadcrumb","itemListElement":[{"@type":"ListItem","position":1,"name":"Accueil","item":"https:\/\/videoformes.com\/"},{"@type":"ListItem","position":2,"name":"Association : Presentation"}]},{"@type":"WebSite","@id":"https:\/\/videoformes.com\/#website","url":"https:\/\/videoformes.com\/","name":"VIDEOFORMES","description":"Festival International d&#039;Arts Num\u00e9riques de Clermont-Ferrand","publisher":{"@id":"https:\/\/videoformes.com\/#organization"},"potentialAction":[{"@type":"SearchAction","target":{"@type":"EntryPoint","urlTemplate":"https:\/\/videoformes.com\/?s={search_term_string}"},"query-input":"required name=search_term_string"}],"inLanguage":"en-US"},{"@type":"Organization","@id":"https:\/\/videoformes.com\/#organization","name":"Festival VIDEOFORMES","url":"https:\/\/videoformes.com\/","logo":{"@type":"ImageObject","inLanguage":"en-US","@id":"https:\/\/videoformes.com\/#\/schema\/logo\/image\/","url":"https:\/\/videoformes.com\/wp-content\/uploads\/2022\/01\/apple-touch-icon.png","contentUrl":"https:\/\/videoformes.com\/wp-content\/uploads\/2022\/01\/apple-touch-icon.png","width":180,"height":180,"caption":"Festival VIDEOFORMES"},"image":{"@id":"https:\/\/videoformes.com\/#\/schema\/logo\/image\/"},"sameAs":["https:\/\/www.facebook.com\/videoformes","https:\/\/twitter.com\/videoformes","https:\/\/www.instagram.com\/videoformes\/","https:\/\/www.youtube.com\/channel\/UCVkAiRplvronMyMWo1bxKCg"]}]}},"_links":{"self":[{"href":"https:\/\/videoformes.com\/en\/wp-json\/wp\/v2\/pages\/17267"}],"collection":[{"href":"https:\/\/videoformes.com\/en\/wp-json\/wp\/v2\/pages"}],"about":[{"href":"https:\/\/videoformes.com\/en\/wp-json\/wp\/v2\/types\/page"}],"author":[{"embeddable":true,"href":"https:\/\/videoformes.com\/en\/wp-json\/wp\/v2\/users\/1"}],"replies":[{"embeddable":true,"href":"https:\/\/videoformes.com\/en\/wp-json\/wp\/v2\/comments?post=17267"}],"version-history":[{"count":8,"href":"https:\/\/videoformes.com\/en\/wp-json\/wp\/v2\/pages\/17267\/revisions"}],"predecessor-version":[{"id":20651,"href":"https:\/\/videoformes.com\/en\/wp-json\/wp\/v2\/pages\/17267\/revisions\/20651"}],"wp:attachment":[{"href":"https:\/\/videoformes.com\/en\/wp-json\/wp\/v2\/media?parent=17267"}],"curies":[{"name":"wp","href":"https:\/\/api.w.org\/{rel}","templated":true}]}}