{"id":20628,"date":"2025-01-27T15:36:06","date_gmt":"2025-01-27T14:36:06","guid":{"rendered":"https:\/\/videoformes.com\/?page_id=20628"},"modified":"2025-11-20T11:27:31","modified_gmt":"2025-11-20T10:27:31","slug":"pedagogical-tools","status":"publish","type":"page","link":"https:\/\/videoformes.com\/en\/pedagogical-tools\/","title":{"rendered":"Educational tools"},"content":{"rendered":"\t\t<div data-elementor-type=\"wp-page\" data-elementor-id=\"20628\" class=\"elementor elementor-20628 elementor-13501\" data-elementor-post-type=\"page\">\n\t\t\t\t\t\t\t<div class=\"elementor-element elementor-element-2fb9d66 e-flex e-con-boxed e-con\" data-id=\"2fb9d66\" data-element_type=\"container\" data-settings=\"{&quot;background_background&quot;:&quot;classic&quot;,&quot;content_width&quot;:&quot;boxed&quot;}\">\n\t\t\t\t\t<div class=\"e-con-inner\">\n\t\t<div class=\"elementor-element elementor-element-a0e4ee3 e-flex e-con-boxed e-con\" data-id=\"a0e4ee3\" data-element_type=\"container\" data-settings=\"{&quot;content_width&quot;:&quot;boxed&quot;}\">\n\t\t\t\t\t<div class=\"e-con-inner\">\n\t\t\t\t<div class=\"elementor-element elementor-element-f940329 elementor-widget elementor-widget-video\" data-id=\"f940329\" data-element_type=\"widget\" data-settings=\"{&quot;youtube_url&quot;:&quot;https:\\\/\\\/youtu.be\\\/ygxcsUiuSg4&quot;,&quot;video_type&quot;:&quot;youtube&quot;,&quot;controls&quot;:&quot;yes&quot;}\" data-widget_type=\"video.default\">\n\t\t\t\t<div class=\"elementor-widget-container\">\n\t\t\t<style>\/*! elementor - v3.15.0 - 20-08-2023 *\/\n.elementor-widget-video .elementor-widget-container{overflow:hidden;transform:translateZ(0)}.elementor-widget-video .elementor-wrapper{aspect-ratio:var(--video-aspect-ratio)}.elementor-widget-video .elementor-wrapper iframe,.elementor-widget-video .elementor-wrapper video{height:100%;width:100%;display:flex;border:none;background-color:#000}@supports not (aspect-ratio:1\/1){.elementor-widget-video .elementor-wrapper{position:relative;overflow:hidden;height:0;padding-bottom:calc(100% \/ var(--video-aspect-ratio))}.elementor-widget-video .elementor-wrapper iframe,.elementor-widget-video .elementor-wrapper video{position:absolute;top:0;right:0;bottom:0;left:0}}.elementor-widget-video .elementor-open-inline .elementor-custom-embed-image-overlay{position:absolute;top:0;right:0;bottom:0;left:0;background-size:cover;background-position:50%}.elementor-widget-video .elementor-custom-embed-image-overlay{cursor:pointer;text-align:center}.elementor-widget-video .elementor-custom-embed-image-overlay:hover .elementor-custom-embed-play i{opacity:1}.elementor-widget-video .elementor-custom-embed-image-overlay img{display:block;width:100%;aspect-ratio:var(--video-aspect-ratio);-o-object-fit:cover;object-fit:cover;-o-object-position:center center;object-position:center center}@supports not (aspect-ratio:1\/1){.elementor-widget-video .elementor-custom-embed-image-overlay{position:relative;overflow:hidden;height:0;padding-bottom:calc(100% \/ var(--video-aspect-ratio))}.elementor-widget-video .elementor-custom-embed-image-overlay img{position:absolute;top:0;right:0;bottom:0;left:0}}.elementor-widget-video .e-hosted-video .elementor-video{-o-object-fit:cover;object-fit:cover}.e-con-inner>.elementor-widget-video,.e-con>.elementor-widget-video{width:var(--container-widget-width);--flex-grow:var(--container-widget-flex-grow)}<\/style>\t\t<div class=\"elementor-wrapper elementor-open-inline\">\n\t\t\t<div class=\"elementor-video\"><\/div>\t\t<\/div>\n\t\t\t\t<\/div>\n\t\t\t\t<\/div>\n\t\t\t\t<div class=\"elementor-element elementor-element-9740e3b elementor-widget elementor-widget-spacer\" data-id=\"9740e3b\" data-element_type=\"widget\" data-widget_type=\"spacer.default\">\n\t\t\t\t<div class=\"elementor-widget-container\">\n\t\t\t<style>\/*! elementor - v3.15.0 - 20-08-2023 *\/\n.elementor-column .elementor-spacer-inner{height:var(--spacer-size)}.e-con{--container-widget-width:100%}.e-con-inner>.elementor-widget-spacer,.e-con>.elementor-widget-spacer{width:var(--container-widget-width,var(--spacer-size));--align-self:var(--container-widget-align-self,initial);--flex-shrink:0}.e-con-inner>.elementor-widget-spacer>.elementor-widget-container,.e-con-inner>.elementor-widget-spacer>.elementor-widget-container>.elementor-spacer,.e-con>.elementor-widget-spacer>.elementor-widget-container,.e-con>.elementor-widget-spacer>.elementor-widget-container>.elementor-spacer{height:100%}.e-con-inner>.elementor-widget-spacer>.elementor-widget-container>.elementor-spacer>.elementor-spacer-inner,.e-con>.elementor-widget-spacer>.elementor-widget-container>.elementor-spacer>.elementor-spacer-inner{height:var(--container-widget-height,var(--spacer-size))}<\/style>\t\t<div class=\"elementor-spacer\">\n\t\t\t<div class=\"elementor-spacer-inner\"><\/div>\n\t\t<\/div>\n\t\t\t\t<\/div>\n\t\t\t\t<\/div>\n\t\t\t\t\t<\/div>\n\t\t\t\t<\/div>\n\t\t\t\t<div class=\"elementor-element elementor-element-ec5f77e elementor-widget elementor-widget-heading\" data-id=\"ec5f77e\" data-element_type=\"widget\" data-widget_type=\"heading.default\">\n\t\t\t\t<div class=\"elementor-widget-container\">\n\t\t\t<style>\/*! elementor - v3.15.0 - 20-08-2023 *\/\n.elementor-heading-title{padding:0;margin:0;line-height:1}.elementor-widget-heading .elementor-heading-title[class*=elementor-size-]>a{color:inherit;font-size:inherit;line-height:inherit}.elementor-widget-heading .elementor-heading-title.elementor-size-small{font-size:15px}.elementor-widget-heading .elementor-heading-title.elementor-size-medium{font-size:19px}.elementor-widget-heading .elementor-heading-title.elementor-size-large{font-size:29px}.elementor-widget-heading .elementor-heading-title.elementor-size-xl{font-size:39px}.elementor-widget-heading .elementor-heading-title.elementor-size-xxl{font-size:59px}<\/style><h2 class=\"elementor-heading-title elementor-size-default\">Introduction to Video Art<\/h2>\t\t<\/div>\n\t\t\t\t<\/div>\n\t\t\t\t<div class=\"elementor-element elementor-element-1dcb407 elementor-widget elementor-widget-text-editor\" data-id=\"1dcb407\" data-element_type=\"widget\" data-widget_type=\"text-editor.default\">\n\t\t\t\t<div class=\"elementor-widget-container\">\n\t\t\t<style>\/*! elementor - v3.15.0 - 20-08-2023 *\/\n.elementor-widget-text-editor.elementor-drop-cap-view-stacked .elementor-drop-cap{background-color:#69727d;color:#fff}.elementor-widget-text-editor.elementor-drop-cap-view-framed .elementor-drop-cap{color:#69727d;border:3px solid;background-color:transparent}.elementor-widget-text-editor:not(.elementor-drop-cap-view-default) .elementor-drop-cap{margin-top:8px}.elementor-widget-text-editor:not(.elementor-drop-cap-view-default) .elementor-drop-cap-letter{width:1em;height:1em}.elementor-widget-text-editor .elementor-drop-cap{float:left;text-align:center;line-height:1;font-size:50px}.elementor-widget-text-editor .elementor-drop-cap-letter{display:inline-block}<\/style>\t\t\t\t<p><span style=\"font-weight: 400;\">It is agreed that video art was invented in 1963, by Nam June Paik with his 13 &#8220;prepared televisions&#8221; (homage to John Cage) at the Parnass gallery in Wuppertal. It was in the air of time, a new &#8220;tool&#8221;, the television and the magnetic recorders of sound images very quickly attracted the interest of the artists.<\/span><\/p><p><span style=\"font-weight: 400;\">Some will add that Wolf Vostell is also the father of the video art with his D\u00e9-coll\/ages (Sun in your head, T\u00e9l\u00e9vision D\u00e9-coll\/age 1963).<\/span><\/p><p><span style=\"font-weight: 400;\">Anyway, and whatever the approach of each one, the video art is the art of the new technologies of the Sixties.<\/span><\/p><p><span style=\"font-weight: 400;\">Of Nam June Paik who sees there the immense possibilities of repainting the real and especially to diffuse in mass on the televised networks, to the worries if not to the anguishes of Wolf Vostell who denounces &#8211; and destroys regularly &#8211; the tool of propaganda, of formatting of the spirits that can be the mass television, to pioneers like Ed Emschwiller and his images without cameras (the computer is enough for itself), to the Vasulkas &#8211; Steina the violinist and Woody the engineer &#8211; creators of the Kitchen in New York and of new images, all of them are enthusiastic and write the first pages of this new art, opening tracks, new spaces to explore.<\/span><\/p><p><span style=\"font-weight: 400;\">Following them, a second generation, Bill Viola, Gary Hill, John Sanborn, Robert Cahen, Thierry Kuntzel, Studio Azzurro, Bruce Nauman, Fabrizio Plessi and many others, took hold of these tools that were available at that time in institutions and sometimes in large international companies that entrusted their cameras and especially their post-production resources to artists who would help these same companies to progress.<\/span><\/p><p><span style=\"font-weight: 400;\">The end of the seventies and the eighties saw the rise of the interest of cultural institutions for an art form still unknown to the general public.<\/span><\/p><p><span style=\"font-weight: 400;\">It is at this time that festivals of electronic art, of video art are created almost everywhere in the world: the International Festival of Video Art in Montb\u00e9liard in 1984, Videoformes in Clermont-Ferrand in 1986, VideoBrasil in Sao Paulo and Vid\u00e9o Arts Plastiques in H\u00e9rouville St-Clair in 1987, EMAF in Osnabr\u00fcck in 1988, \u2026<\/span><\/p><p><span style=\"font-weight: 400;\">Access to production tools, although essentially institutional, became easier. But what will really upset the deal, it is the arrival of the powerful personal computers and the &#8220;revolution&#8221; of the Internet in the Nineties. The artists free themselves for the most part from the institutions and free their speech. The web 2.0 is a fatal blow to the limitation of the distribution of works, in any case of films or monobands. Youtube or even better Vimeo, a quality platform, allow artists to broadcast art videos, performance captures, artistic webdocs, holographic videos &#8230; Smartphones and their video creations have their own festivals, animated GIF formats find a new life and a new dimension with some renowned artists who regularly publish on the internet and are rewarded by &#8220;awards&#8221; as those of Transcultures (Belgium). A truly independent artistic creation is developing and often seeks a form of recognition in the participation in video art or digital art festivals. The flow of images is widening, the creative dimension of sound is increasingly taken into account thanks to new software, generative films without beginning or end programmed or conceived as applications are increasingly proposed to the public.<\/span><\/p><p><span style=\"font-weight: 400;\">It seems that all these tools, interactivity, this &#8220;extended cinema&#8221; offer to everyone the means to communicate these mental images (silent or sound) that previously we could only describe&#8230;<\/span><\/p><p><span style=\"font-weight: 400;\">Gabriel Soucheyre for Other The Real, October 2016<\/span><\/p>\t\t\t\t\t\t<\/div>\n\t\t\t\t<\/div>\n\t\t\t\t<div class=\"elementor-element elementor-element-886220c elementor-widget-divider--view-line elementor-widget elementor-widget-divider\" data-id=\"886220c\" data-element_type=\"widget\" data-widget_type=\"divider.default\">\n\t\t\t\t<div class=\"elementor-widget-container\">\n\t\t\t<style>\/*! elementor - v3.15.0 - 20-08-2023 *\/\n.elementor-widget-divider{--divider-border-style:none;--divider-border-width:1px;--divider-color:#0c0d0e;--divider-icon-size:20px;--divider-element-spacing:10px;--divider-pattern-height:24px;--divider-pattern-size:20px;--divider-pattern-url:none;--divider-pattern-repeat:repeat-x}.elementor-widget-divider .elementor-divider{display:flex}.elementor-widget-divider .elementor-divider__text{font-size:15px;line-height:1;max-width:95%}.elementor-widget-divider .elementor-divider__element{margin:0 var(--divider-element-spacing);flex-shrink:0}.elementor-widget-divider .elementor-icon{font-size:var(--divider-icon-size)}.elementor-widget-divider .elementor-divider-separator{display:flex;margin:0;direction:ltr}.elementor-widget-divider--view-line_icon .elementor-divider-separator,.elementor-widget-divider--view-line_text .elementor-divider-separator{align-items:center}.elementor-widget-divider--view-line_icon .elementor-divider-separator:after,.elementor-widget-divider--view-line_icon .elementor-divider-separator:before,.elementor-widget-divider--view-line_text .elementor-divider-separator:after,.elementor-widget-divider--view-line_text .elementor-divider-separator:before{display:block;content:\"\";border-bottom:0;flex-grow:1;border-top:var(--divider-border-width) var(--divider-border-style) var(--divider-color)}.elementor-widget-divider--element-align-left .elementor-divider .elementor-divider-separator>.elementor-divider__svg:first-of-type{flex-grow:0;flex-shrink:100}.elementor-widget-divider--element-align-left .elementor-divider-separator:before{content:none}.elementor-widget-divider--element-align-left .elementor-divider__element{margin-left:0}.elementor-widget-divider--element-align-right .elementor-divider .elementor-divider-separator>.elementor-divider__svg:last-of-type{flex-grow:0;flex-shrink:100}.elementor-widget-divider--element-align-right .elementor-divider-separator:after{content:none}.elementor-widget-divider--element-align-right .elementor-divider__element{margin-right:0}.elementor-widget-divider:not(.elementor-widget-divider--view-line_text):not(.elementor-widget-divider--view-line_icon) .elementor-divider-separator{border-top:var(--divider-border-width) var(--divider-border-style) var(--divider-color)}.elementor-widget-divider--separator-type-pattern{--divider-border-style:none}.elementor-widget-divider--separator-type-pattern.elementor-widget-divider--view-line .elementor-divider-separator,.elementor-widget-divider--separator-type-pattern:not(.elementor-widget-divider--view-line) .elementor-divider-separator:after,.elementor-widget-divider--separator-type-pattern:not(.elementor-widget-divider--view-line) .elementor-divider-separator:before,.elementor-widget-divider--separator-type-pattern:not([class*=elementor-widget-divider--view]) .elementor-divider-separator{width:100%;min-height:var(--divider-pattern-height);-webkit-mask-size:var(--divider-pattern-size) 100%;mask-size:var(--divider-pattern-size) 100%;-webkit-mask-repeat:var(--divider-pattern-repeat);mask-repeat:var(--divider-pattern-repeat);background-color:var(--divider-color);-webkit-mask-image:var(--divider-pattern-url);mask-image:var(--divider-pattern-url)}.elementor-widget-divider--no-spacing{--divider-pattern-size:auto}.elementor-widget-divider--bg-round{--divider-pattern-repeat:round}.rtl .elementor-widget-divider .elementor-divider__text{direction:rtl}.e-con-inner>.elementor-widget-divider,.e-con>.elementor-widget-divider{width:var(--container-widget-width,100%);--flex-grow:var(--container-widget-flex-grow)}<\/style>\t\t<div class=\"elementor-divider\">\n\t\t\t<span class=\"elementor-divider-separator\">\n\t\t\t\t\t\t<\/span>\n\t\t<\/div>\n\t\t\t\t<\/div>\n\t\t\t\t<\/div>\n\t\t\t\t\t<\/div>\n\t\t\t\t<\/div>\n\t\t\t\t\t\t\t<\/div>\n\t\t","protected":false},"excerpt":{"rendered":"<p>Introduction to Video Art It is agreed that video art was invented in 1963, by Nam June Paik with<span class=\"excerpt-hellip\"> [\u2026]<\/span><\/p>\n","protected":false},"author":1,"featured_media":0,"parent":0,"menu_order":0,"comment_status":"closed","ping_status":"closed","template":"","meta":{"footnotes":""},"acf":[],"yoast_head":"<!-- This site is optimized with the Yoast SEO plugin v21.5 - https:\/\/yoast.com\/wordpress\/plugins\/seo\/ -->\n<title>Educational tools | VIDEOFORMES<\/title>\n<meta name=\"robots\" content=\"index, follow, max-snippet:-1, max-image-preview:large, max-video-preview:-1\" \/>\n<link rel=\"canonical\" href=\"https:\/\/videoformes.com\/en\/pedagogical-tools\/\" \/>\n<meta property=\"og:locale\" content=\"en_US\" \/>\n<meta property=\"og:type\" content=\"article\" \/>\n<meta property=\"og:title\" content=\"Educational tools | VIDEOFORMES\" \/>\n<meta property=\"og:description\" content=\"Introduction to Video Art It is agreed that video art was invented in 1963, by Nam June Paik with [\u2026]\" \/>\n<meta property=\"og:url\" content=\"https:\/\/videoformes.com\/en\/pedagogical-tools\/\" \/>\n<meta property=\"og:site_name\" content=\"VIDEOFORMES\" \/>\n<meta property=\"article:publisher\" content=\"https:\/\/www.facebook.com\/videoformes\" \/>\n<meta property=\"article:modified_time\" content=\"2025-11-20T10:27:31+00:00\" \/>\n<meta name=\"twitter:card\" content=\"summary_large_image\" \/>\n<meta name=\"twitter:site\" content=\"@videoformes\" \/>\n<meta name=\"twitter:label1\" content=\"Est. reading time\" \/>\n\t<meta name=\"twitter:data1\" content=\"4 minutes\" \/>\n<script type=\"application\/ld+json\" class=\"yoast-schema-graph\">{\"@context\":\"https:\/\/schema.org\",\"@graph\":[{\"@type\":\"WebPage\",\"@id\":\"https:\/\/videoformes.com\/en\/pedagogical-tools\/\",\"url\":\"https:\/\/videoformes.com\/en\/pedagogical-tools\/\",\"name\":\"Educational tools | VIDEOFORMES\",\"isPartOf\":{\"@id\":\"https:\/\/videoformes.com\/#website\"},\"datePublished\":\"2025-01-27T14:36:06+00:00\",\"dateModified\":\"2025-11-20T10:27:31+00:00\",\"breadcrumb\":{\"@id\":\"https:\/\/videoformes.com\/en\/pedagogical-tools\/#breadcrumb\"},\"inLanguage\":\"en-US\",\"potentialAction\":[{\"@type\":\"ReadAction\",\"target\":[\"https:\/\/videoformes.com\/en\/pedagogical-tools\/\"]}]},{\"@type\":\"BreadcrumbList\",\"@id\":\"https:\/\/videoformes.com\/en\/pedagogical-tools\/#breadcrumb\",\"itemListElement\":[{\"@type\":\"ListItem\",\"position\":1,\"name\":\"Accueil\",\"item\":\"https:\/\/videoformes.com\/\"},{\"@type\":\"ListItem\",\"position\":2,\"name\":\"Educational tools\"}]},{\"@type\":\"WebSite\",\"@id\":\"https:\/\/videoformes.com\/#website\",\"url\":\"https:\/\/videoformes.com\/\",\"name\":\"VIDEOFORMES\",\"description\":\"Festival International d&#039;Arts Num\u00e9riques de Clermont-Ferrand\",\"publisher\":{\"@id\":\"https:\/\/videoformes.com\/#organization\"},\"potentialAction\":[{\"@type\":\"SearchAction\",\"target\":{\"@type\":\"EntryPoint\",\"urlTemplate\":\"https:\/\/videoformes.com\/?s={search_term_string}\"},\"query-input\":\"required name=search_term_string\"}],\"inLanguage\":\"en-US\"},{\"@type\":\"Organization\",\"@id\":\"https:\/\/videoformes.com\/#organization\",\"name\":\"Festival VIDEOFORMES\",\"url\":\"https:\/\/videoformes.com\/\",\"logo\":{\"@type\":\"ImageObject\",\"inLanguage\":\"en-US\",\"@id\":\"https:\/\/videoformes.com\/#\/schema\/logo\/image\/\",\"url\":\"https:\/\/videoformes.com\/wp-content\/uploads\/2022\/01\/apple-touch-icon.png\",\"contentUrl\":\"https:\/\/videoformes.com\/wp-content\/uploads\/2022\/01\/apple-touch-icon.png\",\"width\":180,\"height\":180,\"caption\":\"Festival VIDEOFORMES\"},\"image\":{\"@id\":\"https:\/\/videoformes.com\/#\/schema\/logo\/image\/\"},\"sameAs\":[\"https:\/\/www.facebook.com\/videoformes\",\"https:\/\/twitter.com\/videoformes\",\"https:\/\/www.instagram.com\/videoformes\/\",\"https:\/\/www.youtube.com\/channel\/UCVkAiRplvronMyMWo1bxKCg\"]}]}<\/script>\n<!-- \/ Yoast SEO plugin. -->","yoast_head_json":{"title":"Educational tools | VIDEOFORMES","robots":{"index":"index","follow":"follow","max-snippet":"max-snippet:-1","max-image-preview":"max-image-preview:large","max-video-preview":"max-video-preview:-1"},"canonical":"https:\/\/videoformes.com\/en\/pedagogical-tools\/","og_locale":"en_US","og_type":"article","og_title":"Educational tools | VIDEOFORMES","og_description":"Introduction to Video Art It is agreed that video art was invented in 1963, by Nam June Paik with [\u2026]","og_url":"https:\/\/videoformes.com\/en\/pedagogical-tools\/","og_site_name":"VIDEOFORMES","article_publisher":"https:\/\/www.facebook.com\/videoformes","article_modified_time":"2025-11-20T10:27:31+00:00","twitter_card":"summary_large_image","twitter_site":"@videoformes","twitter_misc":{"Est. reading time":"4 minutes"},"schema":{"@context":"https:\/\/schema.org","@graph":[{"@type":"WebPage","@id":"https:\/\/videoformes.com\/en\/pedagogical-tools\/","url":"https:\/\/videoformes.com\/en\/pedagogical-tools\/","name":"Educational tools | VIDEOFORMES","isPartOf":{"@id":"https:\/\/videoformes.com\/#website"},"datePublished":"2025-01-27T14:36:06+00:00","dateModified":"2025-11-20T10:27:31+00:00","breadcrumb":{"@id":"https:\/\/videoformes.com\/en\/pedagogical-tools\/#breadcrumb"},"inLanguage":"en-US","potentialAction":[{"@type":"ReadAction","target":["https:\/\/videoformes.com\/en\/pedagogical-tools\/"]}]},{"@type":"BreadcrumbList","@id":"https:\/\/videoformes.com\/en\/pedagogical-tools\/#breadcrumb","itemListElement":[{"@type":"ListItem","position":1,"name":"Accueil","item":"https:\/\/videoformes.com\/"},{"@type":"ListItem","position":2,"name":"Educational tools"}]},{"@type":"WebSite","@id":"https:\/\/videoformes.com\/#website","url":"https:\/\/videoformes.com\/","name":"VIDEOFORMES","description":"Festival International d&#039;Arts Num\u00e9riques de Clermont-Ferrand","publisher":{"@id":"https:\/\/videoformes.com\/#organization"},"potentialAction":[{"@type":"SearchAction","target":{"@type":"EntryPoint","urlTemplate":"https:\/\/videoformes.com\/?s={search_term_string}"},"query-input":"required name=search_term_string"}],"inLanguage":"en-US"},{"@type":"Organization","@id":"https:\/\/videoformes.com\/#organization","name":"Festival VIDEOFORMES","url":"https:\/\/videoformes.com\/","logo":{"@type":"ImageObject","inLanguage":"en-US","@id":"https:\/\/videoformes.com\/#\/schema\/logo\/image\/","url":"https:\/\/videoformes.com\/wp-content\/uploads\/2022\/01\/apple-touch-icon.png","contentUrl":"https:\/\/videoformes.com\/wp-content\/uploads\/2022\/01\/apple-touch-icon.png","width":180,"height":180,"caption":"Festival VIDEOFORMES"},"image":{"@id":"https:\/\/videoformes.com\/#\/schema\/logo\/image\/"},"sameAs":["https:\/\/www.facebook.com\/videoformes","https:\/\/twitter.com\/videoformes","https:\/\/www.instagram.com\/videoformes\/","https:\/\/www.youtube.com\/channel\/UCVkAiRplvronMyMWo1bxKCg"]}]}},"_links":{"self":[{"href":"https:\/\/videoformes.com\/en\/wp-json\/wp\/v2\/pages\/20628"}],"collection":[{"href":"https:\/\/videoformes.com\/en\/wp-json\/wp\/v2\/pages"}],"about":[{"href":"https:\/\/videoformes.com\/en\/wp-json\/wp\/v2\/types\/page"}],"author":[{"embeddable":true,"href":"https:\/\/videoformes.com\/en\/wp-json\/wp\/v2\/users\/1"}],"replies":[{"embeddable":true,"href":"https:\/\/videoformes.com\/en\/wp-json\/wp\/v2\/comments?post=20628"}],"version-history":[{"count":5,"href":"https:\/\/videoformes.com\/en\/wp-json\/wp\/v2\/pages\/20628\/revisions"}],"predecessor-version":[{"id":22868,"href":"https:\/\/videoformes.com\/en\/wp-json\/wp\/v2\/pages\/20628\/revisions\/22868"}],"wp:attachment":[{"href":"https:\/\/videoformes.com\/en\/wp-json\/wp\/v2\/media?parent=20628"}],"curies":[{"name":"wp","href":"https:\/\/api.w.org\/{rel}","templated":true}]}}